{"id":10180,"date":"2026-02-25T19:04:02","date_gmt":"2026-02-25T19:04:02","guid":{"rendered":"https:\/\/oneharmony-staging.azds.com\/?post_type=product&#038;p=10180"},"modified":"2026-03-31T15:27:42","modified_gmt":"2026-03-31T15:27:42","slug":"chinese-deli-foods","status":"publish","type":"product","link":"https:\/\/oneharmony.okura.com\/zh-hans\/product\/chinese-deli-foods\/","title":{"rendered":"Chinese Deli Foods"},"content":{"rendered":"<p>Steamed Chicken with spicy sauce \u00d71<br \/>\nStir-fried Pork with black vinegar \u00d71<br \/>\nStir-fried Shrimp with mayo sauce \u00d71<br \/>\nJellyfish Seasoned with yuzu sitoron \u00d71<\/p>\n<ul>\n<li>Frozen delivery.<\/li>\n<li><span data-sheets-root=\"1\">This item will have a best-before date of at least 30 days from the day we ship it to you.<\/span><\/li>\n<li><span data-sheets-root=\"1\">Please note that deliveries may take longer during Japanese Summer and New Year holidays.<\/span><\/li>\n<\/ul>\n<p>For more information, please contact the One Harmony Office at <a href=\"tel:+81-3-6402-3388\">+81-3-6402-3388<\/a>.<\/p>\n","protected":false},"excerpt":{"rendered":"<p>Steamed Chicken with spicy sauce \u00d71 Stir-fried Pork with black vinegar \u00d71 Stir-fried Shrimp with mayo sauce \u00d71 Jellyfish Seasoned<\/p>\n","protected":false},"featured_media":10345,"template":"","meta":{"_acf_changed":false},"product_cat":[37],"product_tag":[],"class_list":{"0":"post-10180","1":"product","2":"type-product","3":"status-publish","4":"has-post-thumbnail","6":"product_cat-goods","8":"first","9":"instock","10":"shipping-taxable","11":"purchasable","12":"product-type-simple"},"acf":[],"yoast_head":"<!-- This site is optimized with the Yoast SEO plugin v21.9.1 - https:\/\/yoast.com\/wordpress\/plugins\/seo\/ -->\n<title>Chinese Deli Foods | 6,500 Points | One Harmony<\/title>\n<meta name=\"description\" content=\"Use your One Harmony points to claim the Chinese Deli Food award and enjoy steamed chicken, stir-fried pork and shrimp, along with seasoned jellyfish.\" \/>\n<meta name=\"robots\" content=\"index, follow, max-snippet:-1, max-image-preview:large, max-video-preview:-1\" \/>\n<link rel=\"canonical\" href=\"https:\/\/oneharmony.okura.com\/zh-hans\/product\/chinese-deli-foods\/\" \/>\n<meta property=\"og:locale\" content=\"zh_CN\" \/>\n<meta property=\"og:type\" content=\"article\" \/>\n<meta property=\"og:title\" content=\"Chinese Deli Foods | 6,500 Points | One Harmony\" \/>\n<meta property=\"og:description\" content=\"Use your One Harmony points to claim the Chinese Deli Food award and enjoy steamed chicken, stir-fried pork and shrimp, along with seasoned jellyfish.\" \/>\n<meta property=\"og:url\" content=\"https:\/\/oneharmony.okura.com\/zh-hans\/product\/chinese-deli-foods\/\" \/>\n<meta property=\"og:site_name\" content=\"One Harmony\" \/>\n<meta property=\"article:modified_time\" content=\"2026-03-31T15:27:42+00:00\" \/>\n<meta property=\"og:image\" content=\"https:\/\/s3.amazonaws.com\/upload.oneharmony.com\/uploads\/2026\/02\/02050949\/19_Chinese-Deli-Foods-800x800-1.jpg\" \/>\n\t<meta property=\"og:image:width\" content=\"800\" \/>\n\t<meta property=\"og:image:height\" content=\"800\" \/>\n\t<meta property=\"og:image:type\" content=\"image\/jpeg\" \/>\n<meta name=\"twitter:card\" content=\"summary_large_image\" \/>\n<meta name=\"twitter:label1\" content=\"Est. reading time\" \/>\n\t<meta name=\"twitter:data1\" content=\"1 minute\" \/>\n<script type=\"application\/ld+json\" class=\"yoast-schema-graph\">{\"@context\":\"https:\/\/schema.org\",\"@graph\":[{\"@type\":\"WebPage\",\"@id\":\"https:\/\/oneharmony.okura.com\/zh-hans\/product\/chinese-deli-foods\/\",\"url\":\"https:\/\/oneharmony.okura.com\/zh-hans\/product\/chinese-deli-foods\/\",\"name\":\"Chinese Deli Foods | 6,500 Points | One Harmony\",\"isPartOf\":{\"@id\":\"https:\/\/10.2.4.203\/#website\"},\"datePublished\":\"2026-02-25T19:04:02+00:00\",\"dateModified\":\"2026-03-31T15:27:42+00:00\",\"description\":\"Use your One Harmony points to claim the Chinese Deli Food award and enjoy steamed chicken, stir-fried pork and shrimp, along with seasoned jellyfish.\",\"breadcrumb\":{\"@id\":\"https:\/\/oneharmony.okura.com\/zh-hans\/product\/chinese-deli-foods\/#breadcrumb\"},\"inLanguage\":\"zh-CN\",\"potentialAction\":[{\"@type\":\"ReadAction\",\"target\":[\"https:\/\/oneharmony.okura.com\/zh-hans\/product\/chinese-deli-foods\/\"]}]},{\"@type\":\"BreadcrumbList\",\"@id\":\"https:\/\/oneharmony.okura.com\/zh-hans\/product\/chinese-deli-foods\/#breadcrumb\",\"itemListElement\":[{\"@type\":\"ListItem\",\"position\":1,\"name\":\"Home\",\"item\":\"https:\/\/oneharmony.okura.com\/zh-hans\/sample-page\/\"},{\"@type\":\"ListItem\",\"position\":2,\"name\":\"\u793c\u54c1\u5956\u6d4b\u8bd5\",\"item\":\"https:\/\/oneharmony.okura.com\/gift-awards\/\"},{\"@type\":\"ListItem\",\"position\":3,\"name\":\"Chinese Deli Foods\"}]},{\"@type\":\"WebSite\",\"@id\":\"https:\/\/10.2.4.203\/#website\",\"url\":\"https:\/\/10.2.4.203\/\",\"name\":\"One Harmony\",\"description\":\"\",\"potentialAction\":[{\"@type\":\"SearchAction\",\"target\":{\"@type\":\"EntryPoint\",\"urlTemplate\":\"https:\/\/10.2.4.203\/?s={search_term_string}\"},\"query-input\":\"required name=search_term_string\"}],\"inLanguage\":\"zh-CN\"}]}<\/script>\n<!-- \/ Yoast SEO plugin. -->","yoast_head_json":{"title":"Chinese Deli Foods | 6,500 Points | One Harmony","description":"Use your One Harmony points to claim the Chinese Deli Food award and enjoy steamed chicken, stir-fried pork and shrimp, along with seasoned jellyfish.","robots":{"index":"index","follow":"follow","max-snippet":"max-snippet:-1","max-image-preview":"max-image-preview:large","max-video-preview":"max-video-preview:-1"},"canonical":"https:\/\/oneharmony.okura.com\/zh-hans\/product\/chinese-deli-foods\/","og_locale":"zh_CN","og_type":"article","og_title":"Chinese Deli Foods | 6,500 Points | One Harmony","og_description":"Use your One Harmony points to claim the Chinese Deli Food award and enjoy steamed chicken, stir-fried pork and shrimp, along with seasoned jellyfish.","og_url":"https:\/\/oneharmony.okura.com\/zh-hans\/product\/chinese-deli-foods\/","og_site_name":"One Harmony","article_modified_time":"2026-03-31T15:27:42+00:00","og_image":[{"width":800,"height":800,"url":"https:\/\/s3.amazonaws.com\/upload.oneharmony.com\/uploads\/2026\/02\/02050949\/19_Chinese-Deli-Foods-800x800-1.jpg","type":"image\/jpeg"}],"twitter_card":"summary_large_image","twitter_misc":{"Est. reading time":"1 minute"},"schema":{"@context":"https:\/\/schema.org","@graph":[{"@type":"WebPage","@id":"https:\/\/oneharmony.okura.com\/zh-hans\/product\/chinese-deli-foods\/","url":"https:\/\/oneharmony.okura.com\/zh-hans\/product\/chinese-deli-foods\/","name":"Chinese Deli Foods | 6,500 Points | One Harmony","isPartOf":{"@id":"https:\/\/10.2.4.203\/#website"},"datePublished":"2026-02-25T19:04:02+00:00","dateModified":"2026-03-31T15:27:42+00:00","description":"Use your One Harmony points to claim the Chinese Deli Food award and enjoy steamed chicken, stir-fried pork and shrimp, along with seasoned jellyfish.","breadcrumb":{"@id":"https:\/\/oneharmony.okura.com\/zh-hans\/product\/chinese-deli-foods\/#breadcrumb"},"inLanguage":"zh-CN","potentialAction":[{"@type":"ReadAction","target":["https:\/\/oneharmony.okura.com\/zh-hans\/product\/chinese-deli-foods\/"]}]},{"@type":"BreadcrumbList","@id":"https:\/\/oneharmony.okura.com\/zh-hans\/product\/chinese-deli-foods\/#breadcrumb","itemListElement":[{"@type":"ListItem","position":1,"name":"Home","item":"https:\/\/oneharmony.okura.com\/zh-hans\/sample-page\/"},{"@type":"ListItem","position":2,"name":"\u793c\u54c1\u5956\u6d4b\u8bd5","item":"https:\/\/oneharmony.okura.com\/gift-awards\/"},{"@type":"ListItem","position":3,"name":"Chinese Deli Foods"}]},{"@type":"WebSite","@id":"https:\/\/10.2.4.203\/#website","url":"https:\/\/10.2.4.203\/","name":"One Harmony","description":"","potentialAction":[{"@type":"SearchAction","target":{"@type":"EntryPoint","urlTemplate":"https:\/\/10.2.4.203\/?s={search_term_string}"},"query-input":"required name=search_term_string"}],"inLanguage":"zh-CN"}]}},"_links":{"self":[{"href":"https:\/\/oneharmony.okura.com\/zh-hans\/wp-json\/wp\/v2\/product\/10180","targetHints":{"allow":["GET"]}}],"collection":[{"href":"https:\/\/oneharmony.okura.com\/zh-hans\/wp-json\/wp\/v2\/product"}],"about":[{"href":"https:\/\/oneharmony.okura.com\/zh-hans\/wp-json\/wp\/v2\/types\/product"}],"wp:featuredmedia":[{"embeddable":true,"href":"https:\/\/oneharmony.okura.com\/zh-hans\/wp-json\/wp\/v2\/media\/10345"}],"wp:attachment":[{"href":"https:\/\/oneharmony.okura.com\/zh-hans\/wp-json\/wp\/v2\/media?parent=10180"}],"wp:term":[{"taxonomy":"product_cat","embeddable":true,"href":"https:\/\/oneharmony.okura.com\/zh-hans\/wp-json\/wp\/v2\/product_cat?post=10180"},{"taxonomy":"product_tag","embeddable":true,"href":"https:\/\/oneharmony.okura.com\/zh-hans\/wp-json\/wp\/v2\/product_tag?post=10180"}],"curies":[{"name":"wp","href":"https:\/\/api.w.org\/{rel}","templated":true}]}}