{"id":10167,"date":"2026-02-25T18:44:55","date_gmt":"2026-02-25T18:44:55","guid":{"rendered":"https:\/\/oneharmony-staging.azds.com\/?post_type=product&#038;p=10167"},"modified":"2026-03-31T15:22:34","modified_gmt":"2026-03-31T15:22:34","slug":"assortment-of-pre-packaged-foods%ef%bc%887-pack","status":"publish","type":"product","link":"https:\/\/oneharmony.okura.com\/zh-hant\/product\/assortment-of-pre-packaged-foods%ef%bc%887-pack\/","title":{"rendered":"Assortment of Pre-Packaged Foods (7-pack)"},"content":{"rendered":"<p>Corn Soup\u00d72<br \/>\nPumpkin Soup\u00d72<br \/>\nEight-vegetable Vegetable Soup\u00d72<\/p>\n<ul>\n<li>Frozen delivery.<\/li>\n<li><span data-sheets-root=\"1\">This item will have a best-before date of at least 6 months from the day we ship it to you.<\/span><\/li>\n<li>Please request delivery date and time 10days after order date.<\/li>\n<li><span data-sheets-root=\"1\">Please note that deliveries may take longer during Japanese Summer and New Year holidays.<\/span><\/li>\n<\/ul>\n<p>For more information, please contact the One Harmony Office at <a href=\"tel:+81-3-6402-3388\">+81-3-6402-3388<\/a>.<\/p>\n","protected":false},"excerpt":{"rendered":"<p>Corn Soup\u00d72 Pumpkin Soup\u00d72 Eight-vegetable Vegetable Soup\u00d72 Frozen delivery. This item will have a best-before date of at least 6<\/p>\n","protected":false},"featured_media":9731,"template":"","meta":{"_acf_changed":false},"product_cat":[37],"product_tag":[],"class_list":{"0":"post-10167","1":"product","2":"type-product","3":"status-publish","4":"has-post-thumbnail","6":"product_cat-goods","8":"first","9":"instock","10":"shipping-taxable","11":"purchasable","12":"product-type-simple"},"acf":[],"yoast_head":"<!-- This site is optimized with the Yoast SEO plugin v21.9.1 - https:\/\/yoast.com\/wordpress\/plugins\/seo\/ -->\n<title>Assortment of Pre-Packaged Foods | 7 pack | One Harmony<\/title>\n<meta name=\"description\" content=\"Enjoy a variety of our delicious soups including corn, pumpkin, and vegetable, when you redeem your points for the Assortment of Pre-Packaged Foods pack.\" \/>\n<meta name=\"robots\" content=\"index, follow, max-snippet:-1, max-image-preview:large, max-video-preview:-1\" \/>\n<link rel=\"canonical\" href=\"https:\/\/oneharmony.okura.com\/zh-hant\/product\/assortment-of-pre-packaged-foods%ef%bc%887-pack\/\" \/>\n<meta property=\"og:locale\" content=\"zh_TW\" \/>\n<meta property=\"og:type\" content=\"article\" \/>\n<meta property=\"og:title\" content=\"Assortment of Pre-Packaged Foods | 7 pack | One Harmony\" \/>\n<meta property=\"og:description\" content=\"Enjoy a variety of our delicious soups including corn, pumpkin, and vegetable, when you redeem your points for the Assortment of Pre-Packaged Foods pack.\" \/>\n<meta property=\"og:url\" content=\"https:\/\/oneharmony.okura.com\/zh-hant\/product\/assortment-of-pre-packaged-foods%ef%bc%887-pack\/\" \/>\n<meta property=\"og:site_name\" content=\"One Harmony\" \/>\n<meta property=\"article:modified_time\" content=\"2026-03-31T15:22:34+00:00\" \/>\n<meta property=\"og:image\" content=\"https:\/\/s3.amazonaws.com\/upload.oneharmony.com\/uploads\/2026\/02\/16022952\/7_Assortment-of-pre-packaged-foods%EF%BC%887packs-800x800-1.jpg\" \/>\n\t<meta property=\"og:image:width\" content=\"800\" \/>\n\t<meta property=\"og:image:height\" content=\"800\" \/>\n\t<meta property=\"og:image:type\" content=\"image\/jpeg\" \/>\n<meta name=\"twitter:card\" content=\"summary_large_image\" \/>\n<meta name=\"twitter:label1\" content=\"Est. reading time\" \/>\n\t<meta name=\"twitter:data1\" content=\"1 minute\" \/>\n<script type=\"application\/ld+json\" class=\"yoast-schema-graph\">{\"@context\":\"https:\/\/schema.org\",\"@graph\":[{\"@type\":\"WebPage\",\"@id\":\"https:\/\/oneharmony.okura.com\/zh-hant\/product\/assortment-of-pre-packaged-foods%ef%bc%887-pack\/\",\"url\":\"https:\/\/oneharmony.okura.com\/zh-hant\/product\/assortment-of-pre-packaged-foods%ef%bc%887-pack\/\",\"name\":\"Assortment of Pre-Packaged Foods | 7 pack | One Harmony\",\"isPartOf\":{\"@id\":\"https:\/\/10.2.4.203\/#website\"},\"datePublished\":\"2026-02-25T18:44:55+00:00\",\"dateModified\":\"2026-03-31T15:22:34+00:00\",\"description\":\"Enjoy a variety of our delicious soups including corn, pumpkin, and vegetable, when you redeem your points for the Assortment of Pre-Packaged Foods pack.\",\"breadcrumb\":{\"@id\":\"https:\/\/oneharmony.okura.com\/zh-hant\/product\/assortment-of-pre-packaged-foods%ef%bc%887-pack\/#breadcrumb\"},\"inLanguage\":\"zh-TW\",\"potentialAction\":[{\"@type\":\"ReadAction\",\"target\":[\"https:\/\/oneharmony.okura.com\/zh-hant\/product\/assortment-of-pre-packaged-foods%ef%bc%887-pack\/\"]}]},{\"@type\":\"BreadcrumbList\",\"@id\":\"https:\/\/oneharmony.okura.com\/zh-hant\/product\/assortment-of-pre-packaged-foods%ef%bc%887-pack\/#breadcrumb\",\"itemListElement\":[{\"@type\":\"ListItem\",\"position\":1,\"name\":\"Home\",\"item\":\"https:\/\/oneharmony.okura.com\/zh-hant\/\"},{\"@type\":\"ListItem\",\"position\":2,\"name\":\"\u79ae\u7269\u734e\u6e2c\u8a66\",\"item\":\"https:\/\/oneharmony.okura.com\/gift-awards\/\"},{\"@type\":\"ListItem\",\"position\":3,\"name\":\"Assortment of Pre-Packaged Foods (7-pack)\"}]},{\"@type\":\"WebSite\",\"@id\":\"https:\/\/10.2.4.203\/#website\",\"url\":\"https:\/\/10.2.4.203\/\",\"name\":\"One Harmony\",\"description\":\"\",\"potentialAction\":[{\"@type\":\"SearchAction\",\"target\":{\"@type\":\"EntryPoint\",\"urlTemplate\":\"https:\/\/10.2.4.203\/?s={search_term_string}\"},\"query-input\":\"required name=search_term_string\"}],\"inLanguage\":\"zh-TW\"}]}<\/script>\n<!-- \/ Yoast SEO plugin. -->","yoast_head_json":{"title":"Assortment of Pre-Packaged Foods | 7 pack | One Harmony","description":"Enjoy a variety of our delicious soups including corn, pumpkin, and vegetable, when you redeem your points for the Assortment of Pre-Packaged Foods pack.","robots":{"index":"index","follow":"follow","max-snippet":"max-snippet:-1","max-image-preview":"max-image-preview:large","max-video-preview":"max-video-preview:-1"},"canonical":"https:\/\/oneharmony.okura.com\/zh-hant\/product\/assortment-of-pre-packaged-foods%ef%bc%887-pack\/","og_locale":"zh_TW","og_type":"article","og_title":"Assortment of Pre-Packaged Foods | 7 pack | One Harmony","og_description":"Enjoy a variety of our delicious soups including corn, pumpkin, and vegetable, when you redeem your points for the Assortment of Pre-Packaged Foods pack.","og_url":"https:\/\/oneharmony.okura.com\/zh-hant\/product\/assortment-of-pre-packaged-foods%ef%bc%887-pack\/","og_site_name":"One Harmony","article_modified_time":"2026-03-31T15:22:34+00:00","og_image":[{"width":800,"height":800,"url":"https:\/\/s3.amazonaws.com\/upload.oneharmony.com\/uploads\/2026\/02\/16022952\/7_Assortment-of-pre-packaged-foods%EF%BC%887packs-800x800-1.jpg","type":"image\/jpeg"}],"twitter_card":"summary_large_image","twitter_misc":{"Est. reading time":"1 minute"},"schema":{"@context":"https:\/\/schema.org","@graph":[{"@type":"WebPage","@id":"https:\/\/oneharmony.okura.com\/zh-hant\/product\/assortment-of-pre-packaged-foods%ef%bc%887-pack\/","url":"https:\/\/oneharmony.okura.com\/zh-hant\/product\/assortment-of-pre-packaged-foods%ef%bc%887-pack\/","name":"Assortment of Pre-Packaged Foods | 7 pack | One Harmony","isPartOf":{"@id":"https:\/\/10.2.4.203\/#website"},"datePublished":"2026-02-25T18:44:55+00:00","dateModified":"2026-03-31T15:22:34+00:00","description":"Enjoy a variety of our delicious soups including corn, pumpkin, and vegetable, when you redeem your points for the Assortment of Pre-Packaged Foods pack.","breadcrumb":{"@id":"https:\/\/oneharmony.okura.com\/zh-hant\/product\/assortment-of-pre-packaged-foods%ef%bc%887-pack\/#breadcrumb"},"inLanguage":"zh-TW","potentialAction":[{"@type":"ReadAction","target":["https:\/\/oneharmony.okura.com\/zh-hant\/product\/assortment-of-pre-packaged-foods%ef%bc%887-pack\/"]}]},{"@type":"BreadcrumbList","@id":"https:\/\/oneharmony.okura.com\/zh-hant\/product\/assortment-of-pre-packaged-foods%ef%bc%887-pack\/#breadcrumb","itemListElement":[{"@type":"ListItem","position":1,"name":"Home","item":"https:\/\/oneharmony.okura.com\/zh-hant\/"},{"@type":"ListItem","position":2,"name":"\u79ae\u7269\u734e\u6e2c\u8a66","item":"https:\/\/oneharmony.okura.com\/gift-awards\/"},{"@type":"ListItem","position":3,"name":"Assortment of Pre-Packaged Foods (7-pack)"}]},{"@type":"WebSite","@id":"https:\/\/10.2.4.203\/#website","url":"https:\/\/10.2.4.203\/","name":"One Harmony","description":"","potentialAction":[{"@type":"SearchAction","target":{"@type":"EntryPoint","urlTemplate":"https:\/\/10.2.4.203\/?s={search_term_string}"},"query-input":"required name=search_term_string"}],"inLanguage":"zh-TW"}]}},"_links":{"self":[{"href":"https:\/\/oneharmony.okura.com\/zh-hant\/wp-json\/wp\/v2\/product\/10167","targetHints":{"allow":["GET"]}}],"collection":[{"href":"https:\/\/oneharmony.okura.com\/zh-hant\/wp-json\/wp\/v2\/product"}],"about":[{"href":"https:\/\/oneharmony.okura.com\/zh-hant\/wp-json\/wp\/v2\/types\/product"}],"wp:featuredmedia":[{"embeddable":true,"href":"https:\/\/oneharmony.okura.com\/zh-hant\/wp-json\/wp\/v2\/media\/9731"}],"wp:attachment":[{"href":"https:\/\/oneharmony.okura.com\/zh-hant\/wp-json\/wp\/v2\/media?parent=10167"}],"wp:term":[{"taxonomy":"product_cat","embeddable":true,"href":"https:\/\/oneharmony.okura.com\/zh-hant\/wp-json\/wp\/v2\/product_cat?post=10167"},{"taxonomy":"product_tag","embeddable":true,"href":"https:\/\/oneharmony.okura.com\/zh-hant\/wp-json\/wp\/v2\/product_tag?post=10167"}],"curies":[{"name":"wp","href":"https:\/\/api.w.org\/{rel}","templated":true}]}}