{"id":10173,"date":"2026-02-25T18:53:14","date_gmt":"2026-02-25T18:53:14","guid":{"rendered":"https:\/\/oneharmony-staging.azds.com\/?post_type=product&#038;p=10173"},"modified":"2026-03-31T15:23:27","modified_gmt":"2026-03-31T15:23:27","slug":"canned-foods-gift-box-a","status":"publish","type":"product","link":"https:\/\/oneharmony.okura.com\/zh-hant\/product\/canned-foods-gift-box-a\/","title":{"rendered":"Canned Foods Gift Box A"},"content":{"rendered":"<p>Corn Soup\u00d72<br \/>\nPumpkin Soup\u00d72<br \/>\nOnion Soup\u00d72<br \/>\nMinestrone\u00d71<\/p>\n<ul>\n<li>*The item with a best-before date of 1 year or more will be delivered.<\/li>\n<li><span data-sheets-root=\"1\">Please note that deliveries may take longer during Japanese Summer and New Year holidays.<\/span><\/li>\n<\/ul>\n<p>For more information, please contact the One Harmony Office at <a href=\"tel:+81-3-6402-3388\">+81-3-6402-3388<\/a>.<\/p>\n","protected":false},"excerpt":{"rendered":"<p>Corn Soup\u00d72 Pumpkin Soup\u00d72 Onion Soup\u00d72 Minestrone\u00d71 *The item with a best-before date of 1 year or more will be<\/p>\n","protected":false},"featured_media":10267,"template":"","meta":{"_acf_changed":false},"product_cat":[37],"product_tag":[],"class_list":{"0":"post-10173","1":"product","2":"type-product","3":"status-publish","4":"has-post-thumbnail","6":"product_cat-goods","8":"first","9":"instock","10":"shipping-taxable","11":"purchasable","12":"product-type-simple"},"acf":[],"yoast_head":"<!-- This site is optimized with the Yoast SEO plugin v21.9.1 - https:\/\/yoast.com\/wordpress\/plugins\/seo\/ -->\n<title>Canned Foods Gift Box A | 5,500 Points | One Harmony<\/title>\n<meta name=\"description\" content=\"Pick Canned Foods Gift Box A for a delicious assortment of soups, including corn, minestrone, onion, and pumpkin.\" \/>\n<meta name=\"robots\" content=\"index, follow, max-snippet:-1, max-image-preview:large, max-video-preview:-1\" \/>\n<link rel=\"canonical\" href=\"https:\/\/oneharmony.okura.com\/zh-hant\/product\/canned-foods-gift-box-a\/\" \/>\n<meta property=\"og:locale\" content=\"zh_TW\" \/>\n<meta property=\"og:type\" content=\"article\" \/>\n<meta property=\"og:title\" content=\"Canned Foods Gift Box A | 5,500 Points | One Harmony\" \/>\n<meta property=\"og:description\" content=\"Pick Canned Foods Gift Box A for a delicious assortment of soups, including corn, minestrone, onion, and pumpkin.\" \/>\n<meta property=\"og:url\" content=\"https:\/\/oneharmony.okura.com\/zh-hant\/product\/canned-foods-gift-box-a\/\" \/>\n<meta property=\"og:site_name\" content=\"One Harmony\" \/>\n<meta property=\"article:modified_time\" content=\"2026-03-31T15:23:27+00:00\" \/>\n<meta property=\"og:image\" content=\"https:\/\/s3.amazonaws.com\/upload.oneharmony.com\/uploads\/2026\/02\/02022450\/12_Canned-Foods_A-800x800-1.jpg\" \/>\n\t<meta property=\"og:image:width\" content=\"800\" \/>\n\t<meta property=\"og:image:height\" content=\"800\" \/>\n\t<meta property=\"og:image:type\" content=\"image\/jpeg\" \/>\n<meta name=\"twitter:card\" content=\"summary_large_image\" \/>\n<meta name=\"twitter:label1\" content=\"Est. reading time\" \/>\n\t<meta name=\"twitter:data1\" content=\"1 minute\" \/>\n<script type=\"application\/ld+json\" class=\"yoast-schema-graph\">{\"@context\":\"https:\/\/schema.org\",\"@graph\":[{\"@type\":\"WebPage\",\"@id\":\"https:\/\/oneharmony.okura.com\/zh-hant\/product\/canned-foods-gift-box-a\/\",\"url\":\"https:\/\/oneharmony.okura.com\/zh-hant\/product\/canned-foods-gift-box-a\/\",\"name\":\"Canned Foods Gift Box A | 5,500 Points | One Harmony\",\"isPartOf\":{\"@id\":\"https:\/\/10.2.4.203\/#website\"},\"datePublished\":\"2026-02-25T18:53:14+00:00\",\"dateModified\":\"2026-03-31T15:23:27+00:00\",\"description\":\"Pick Canned Foods Gift Box A for a delicious assortment of soups, including corn, minestrone, onion, and pumpkin.\",\"breadcrumb\":{\"@id\":\"https:\/\/oneharmony.okura.com\/zh-hant\/product\/canned-foods-gift-box-a\/#breadcrumb\"},\"inLanguage\":\"zh-TW\",\"potentialAction\":[{\"@type\":\"ReadAction\",\"target\":[\"https:\/\/oneharmony.okura.com\/zh-hant\/product\/canned-foods-gift-box-a\/\"]}]},{\"@type\":\"BreadcrumbList\",\"@id\":\"https:\/\/oneharmony.okura.com\/zh-hant\/product\/canned-foods-gift-box-a\/#breadcrumb\",\"itemListElement\":[{\"@type\":\"ListItem\",\"position\":1,\"name\":\"Home\",\"item\":\"https:\/\/oneharmony.okura.com\/zh-hant\/\"},{\"@type\":\"ListItem\",\"position\":2,\"name\":\"\u79ae\u7269\u734e\u6e2c\u8a66\",\"item\":\"https:\/\/oneharmony.okura.com\/gift-awards\/\"},{\"@type\":\"ListItem\",\"position\":3,\"name\":\"Canned Foods Gift Box A\"}]},{\"@type\":\"WebSite\",\"@id\":\"https:\/\/10.2.4.203\/#website\",\"url\":\"https:\/\/10.2.4.203\/\",\"name\":\"One Harmony\",\"description\":\"\",\"potentialAction\":[{\"@type\":\"SearchAction\",\"target\":{\"@type\":\"EntryPoint\",\"urlTemplate\":\"https:\/\/10.2.4.203\/?s={search_term_string}\"},\"query-input\":\"required name=search_term_string\"}],\"inLanguage\":\"zh-TW\"}]}<\/script>\n<!-- \/ Yoast SEO plugin. -->","yoast_head_json":{"title":"Canned Foods Gift Box A | 5,500 Points | One Harmony","description":"Pick Canned Foods Gift Box A for a delicious assortment of soups, including corn, minestrone, onion, and pumpkin.","robots":{"index":"index","follow":"follow","max-snippet":"max-snippet:-1","max-image-preview":"max-image-preview:large","max-video-preview":"max-video-preview:-1"},"canonical":"https:\/\/oneharmony.okura.com\/zh-hant\/product\/canned-foods-gift-box-a\/","og_locale":"zh_TW","og_type":"article","og_title":"Canned Foods Gift Box A | 5,500 Points | One Harmony","og_description":"Pick Canned Foods Gift Box A for a delicious assortment of soups, including corn, minestrone, onion, and pumpkin.","og_url":"https:\/\/oneharmony.okura.com\/zh-hant\/product\/canned-foods-gift-box-a\/","og_site_name":"One Harmony","article_modified_time":"2026-03-31T15:23:27+00:00","og_image":[{"width":800,"height":800,"url":"https:\/\/s3.amazonaws.com\/upload.oneharmony.com\/uploads\/2026\/02\/02022450\/12_Canned-Foods_A-800x800-1.jpg","type":"image\/jpeg"}],"twitter_card":"summary_large_image","twitter_misc":{"Est. reading time":"1 minute"},"schema":{"@context":"https:\/\/schema.org","@graph":[{"@type":"WebPage","@id":"https:\/\/oneharmony.okura.com\/zh-hant\/product\/canned-foods-gift-box-a\/","url":"https:\/\/oneharmony.okura.com\/zh-hant\/product\/canned-foods-gift-box-a\/","name":"Canned Foods Gift Box A | 5,500 Points | One Harmony","isPartOf":{"@id":"https:\/\/10.2.4.203\/#website"},"datePublished":"2026-02-25T18:53:14+00:00","dateModified":"2026-03-31T15:23:27+00:00","description":"Pick Canned Foods Gift Box A for a delicious assortment of soups, including corn, minestrone, onion, and pumpkin.","breadcrumb":{"@id":"https:\/\/oneharmony.okura.com\/zh-hant\/product\/canned-foods-gift-box-a\/#breadcrumb"},"inLanguage":"zh-TW","potentialAction":[{"@type":"ReadAction","target":["https:\/\/oneharmony.okura.com\/zh-hant\/product\/canned-foods-gift-box-a\/"]}]},{"@type":"BreadcrumbList","@id":"https:\/\/oneharmony.okura.com\/zh-hant\/product\/canned-foods-gift-box-a\/#breadcrumb","itemListElement":[{"@type":"ListItem","position":1,"name":"Home","item":"https:\/\/oneharmony.okura.com\/zh-hant\/"},{"@type":"ListItem","position":2,"name":"\u79ae\u7269\u734e\u6e2c\u8a66","item":"https:\/\/oneharmony.okura.com\/gift-awards\/"},{"@type":"ListItem","position":3,"name":"Canned Foods Gift Box A"}]},{"@type":"WebSite","@id":"https:\/\/10.2.4.203\/#website","url":"https:\/\/10.2.4.203\/","name":"One Harmony","description":"","potentialAction":[{"@type":"SearchAction","target":{"@type":"EntryPoint","urlTemplate":"https:\/\/10.2.4.203\/?s={search_term_string}"},"query-input":"required name=search_term_string"}],"inLanguage":"zh-TW"}]}},"_links":{"self":[{"href":"https:\/\/oneharmony.okura.com\/zh-hant\/wp-json\/wp\/v2\/product\/10173","targetHints":{"allow":["GET"]}}],"collection":[{"href":"https:\/\/oneharmony.okura.com\/zh-hant\/wp-json\/wp\/v2\/product"}],"about":[{"href":"https:\/\/oneharmony.okura.com\/zh-hant\/wp-json\/wp\/v2\/types\/product"}],"wp:featuredmedia":[{"embeddable":true,"href":"https:\/\/oneharmony.okura.com\/zh-hant\/wp-json\/wp\/v2\/media\/10267"}],"wp:attachment":[{"href":"https:\/\/oneharmony.okura.com\/zh-hant\/wp-json\/wp\/v2\/media?parent=10173"}],"wp:term":[{"taxonomy":"product_cat","embeddable":true,"href":"https:\/\/oneharmony.okura.com\/zh-hant\/wp-json\/wp\/v2\/product_cat?post=10173"},{"taxonomy":"product_tag","embeddable":true,"href":"https:\/\/oneharmony.okura.com\/zh-hant\/wp-json\/wp\/v2\/product_tag?post=10173"}],"curies":[{"name":"wp","href":"https:\/\/api.w.org\/{rel}","templated":true}]}}